{"id":138,"date":"2020-09-25T11:12:48","date_gmt":"2020-09-25T09:12:48","guid":{"rendered":"https:\/\/www.kwg-senftenberg.de\/wp\/?page_id=138"},"modified":"2026-01-27T15:27:04","modified_gmt":"2026-01-27T14:27:04","slug":"unternehmensfuehrung","status":"publish","type":"page","link":"https:\/\/www.kwg-senftenberg.de\/wp\/wir-ueber-uns\/unternehmensfuehrung\/","title":{"rendered":"Unternehmensf\u00fchrung"},"content":{"rendered":"\n<h4 class=\"wp-block-heading\">Gesch\u00e4ftsf\u00fchrer der KWG mbH im Lausitzer Seenland<\/h4>\n\n\n\n<p><\/p>\n\n\n\n<hr class=\"wp-block-separator has-css-opacity\"\/>\n\n\n\n<h4 class=\"wp-block-heading\">Herr Tobias Dorn<\/h4>\n\n\n\n<figure class=\"wp-block-image size-large\"><img loading=\"lazy\" decoding=\"async\" width=\"1024\" height=\"683\" src=\"https:\/\/www.kwg-senftenberg.de\/wp\/wp-content\/uploads\/2023\/10\/PortraitGFKWGTobiasDorn-1024x683.jpg\" alt=\"GF_KWG_TobiasDorn\" class=\"wp-image-2561\" srcset=\"https:\/\/www.kwg-senftenberg.de\/wp\/wp-content\/uploads\/2023\/10\/PortraitGFKWGTobiasDorn-1024x683.jpg 1024w, https:\/\/www.kwg-senftenberg.de\/wp\/wp-content\/uploads\/2023\/10\/PortraitGFKWGTobiasDorn-300x200.jpg 300w, https:\/\/www.kwg-senftenberg.de\/wp\/wp-content\/uploads\/2023\/10\/PortraitGFKWGTobiasDorn-768x512.jpg 768w, https:\/\/www.kwg-senftenberg.de\/wp\/wp-content\/uploads\/2023\/10\/PortraitGFKWGTobiasDorn-1536x1025.jpg 1536w, https:\/\/www.kwg-senftenberg.de\/wp\/wp-content\/uploads\/2023\/10\/PortraitGFKWGTobiasDorn-2048x1366.jpg 2048w, https:\/\/www.kwg-senftenberg.de\/wp\/wp-content\/uploads\/2023\/10\/PortraitGFKWGTobiasDorn-90x60.jpg 90w\" sizes=\"auto, (max-width: 1024px) 100vw, 1024px\" \/><\/figure>\n\n\n\n<hr class=\"wp-block-separator has-alpha-channel-opacity\"\/>\n\n\n\n<p>\u201eDie einzige Konstante im Leben ist die Ver\u00e4nderung.\u201c Dieses Zitat des Philosophen Heraklit ist hier bei uns in der Lausitz besonders zu treffend, da wir uns zus\u00e4tzlich zum \u201enormalen\u201c Leben seit Jahrzehnten einem massiven Strukturwandel, verbunden mit einem dramatischen Bev\u00f6lkerungsverlust stellen m\u00fcssen. Auch wenn ein jeder von diesen Umbr\u00fcchen und Herausforderungen unterschiedlich betroffen ist, kann man ihnen nicht entfliehen. \u201eVom Bergmann zum Seemann\u201c, so hei\u00dft es. Permanente Ver\u00e4nderungen, teilweise pers\u00f6nliche Verluste und Einschnitte und damit verbundene Neuanf\u00e4nge verlangen den Menschen hier in der Lausitz viel ab.<br><\/p>\n\n\n\n<p>Auch wir als Wohnungsunternehmen sp\u00fcren seit Jahren die direkten Auswirkungen dieses Wandels in Form von extrem belastenden wirtschaftlichen Zahlen aus Bilanz, Gewinn- und Verlustrechnung und Leerstandsteigerung. Wir haben mit gro\u00dfer Anstrengung erfolgreich die Weichen auf Zukunft gestellt.<\/p>\n\n\n\n<p><br>Dennoch sind der demografische und wirtschaftliche Wandel sowie die Schrumpfungsprozesse l\u00e4ngst nicht abgeschlossen und werden unsere Region weiter fordern.<\/p>\n\n\n\n<p><br>Zus\u00e4tzlich treffen und besch\u00e4ftigen uns die stetigen technischen Entwicklungen, die Rahmenbedingungen aus der Politik, die erforderliche Energiewende, die wichtigen Beitr\u00e4ge zum Umweltschutz, das Thema Digitalisierung, die steigenden Baustandards, der Fachkr\u00e4fteund Handwerkermangel und die sich immer weiter individualisierenden Lebensstile der Menschen.<\/p>\n\n\n\n<p><br>Welchem Trend soll man folgen? Welche Technologien einsetzen? Was ist die richtige Strategie? Ist das noch wirtschaftlich?<\/p>\n\n\n\n<p><br>Wohnen ist ein zentrales Grundbed\u00fcrfnis und eine wichtige Voraussetzung f\u00fcr die Teilhabe an der Gesellschaft. Es ist das wesentliche Kriterium f\u00fcr ein \u201egutes Leben\u201c und steht f\u00fcr Lebensqualit\u00e4t und -zufriedenheit.<\/p>\n\n\n\n<h4 class=\"wp-block-heading has-text-color\" style=\"color:#008023\"><br>Meine KWG-Vision<\/h4>\n\n\n\n<p class=\"has-text-align-center\"><br><strong>\u201eWir helfen unseren Mietern, sich in einem modernen Zuhause wohl,<br>geborgen und wahrgenommen zu f\u00fchlen.\u201c<\/strong><\/p>\n\n\n\n<p class=\"has-text-align-left\"><br>Als regionaler Marktf\u00fchrer bew\u00e4ltigen wir die komplexen und anspruchsvollen Zukunftsaufgaben indem wir uns auf die sich permanent weiterentwickelnden individuellen Bed\u00fcrfnisse der Mieter einlassen. Wir richten unseren Service, die Ausstattung der Geb\u00e4ude und Wohnungen sowie die Attraktivit\u00e4t der Quartiere auf den Mieternutzen und die Anforderungen und W\u00fcnsche unserer Mieter aus.<\/p>\n\n\n\n<p class=\"has-text-align-left\"><br>Als Vermieter stellen wir uns auf unterschiedliche, je nach Lebensphase und Lebenssituation variierende Erfordernisse unserer Mieter ein. Begeisterung erzeugen wir dadurch, dass wir mehr geben, als erwartet wird.<\/p>\n\n\n\n<p class=\"has-text-align-left\"><br>Und auch wenn wir das gut ausgestattete, bezahlbare und flexibel nutzbare; in ruhiger aber zentraler Lage und am See gelegene; nachhaltige, voll automatisierte und smarte Eigenheim, ausdr\u00fccklich nicht anbieten, ist f\u00fcr uns Wohnungswirtschaft nicht nur Verwaltung und die Wohnung selbst mehr als nur ein \u201eDach \u00fcber dem Kopf\u201c.<\/p>\n\n\n\n<p class=\"has-text-align-left\"><br>Wir gestalten Orte und Domizile, an denen man sich gern aufh\u00e4lt, schaffen pers\u00f6nliche R\u00fcckzugsorte, geben Heimat und ein geborgenes Zuhause. Der Service rund um das Thema \u201eWohnen\u201c steht bei uns im Fokus.<\/p>\n\n\n\n<p class=\"has-text-align-left\"><br>Wir sind Gastgeber f\u00fcr unsere Mieter und helfen Ihnen dabei, sich in unseren Quartieren sicher, wohl, geborgen, akzeptiert, verstanden und gut aufgehoben zu f\u00fchlen. Unsere Mitarbeiter tragen Sorge f\u00fcr ihre Motivation \u2013 die Arbeit dient nicht nur dem Gelderwerb. Sie f\u00fchlen sich mit unseren Mietern verbunden, schaffen Vertrauen, zeigen Verst\u00e4ndnis und haben ein gro\u00dfes Einf\u00fchlungsverm\u00f6gen. Mit einer positiven Grundeinstellung suchen sie erfolgreich nach Wegen unseren Mietern einen Mehrwert zu bieten. Die Zufriedenheit unserer Mieter hat f\u00fcr uns h\u00f6chste Priorit\u00e4t und bekommt die volle Aufmerksamkeit.<\/p>\n\n\n\n<p class=\"has-text-align-left\"><br>Wir haben einen hohen Anspruch an unsere Arbeit und die Qualit\u00e4t unserer Produkte. Mit unserer Leidenschaft und Begeisterung erm\u00f6glichen wir die konstante Weiterentwicklung des Unternehmens und sichern damit unseren Mietern dauerhaft eine steigende Wohnqualit\u00e4t.<\/p>\n\n\n\n<p class=\"has-text-align-left\"><br>Unsere gesellschaftliche und soziale Verantwortung ist uns bewusst, wir haben die richtige Balance zwischen wirtschaftlichem Handeln und sozialem Engagement. Wir leisten mit unserem Geb\u00e4udebestand im Rahmen der Energiewende einen wichtigen Beitrag zum Klimaschutz und sch\u00fctzen unsere direkte Umwelt aktiv bei unseren unternehmerischen T\u00e4tigkeiten.<\/p>\n\n\n\n<p class=\"has-text-align-left\"><br>Wir arbeiten mit Partnern zusammen, die unsere Werte teilen und den Kundennutzen in den Mittelpunkt ihres Handelns stellen.<\/p>\n\n\n\n<p class=\"has-text-align-left\"><br>Unsere Gesch\u00e4ftsbeziehungen sind partnerschaftlich. Wir haben Ambitionen gemeinsam die Zukunft aktiv zu gestalten.<\/p>\n\n\n\n<p class=\"has-text-align-left\"><br>Wir sehen die Wandlungsprozesse als Chance und sind nicht <mark style=\"background-color:rgba(0, 0, 0, 0)\" class=\"has-inline-color has-black-color\"><strong>trotz <\/strong><\/mark>der sich ver\u00e4ndernden Region erfolgreich, sondern <strong>wegen!<\/strong><\/p>\n\n\n\n<p class=\"has-text-align-left\"><br>Zusammen pr\u00e4gen wir die Region mit unseren Worten und vor allem mit unseren Taten und entwickeln sie so zusammen positiv mit weiter.<\/p>\n\n\n\n<h4 class=\"wp-block-heading has-text-align-center\"><br>Gemeinsam sind wir:<\/h4>\n\n\n\n<h1 class=\"wp-block-heading has-text-align-center has-text-color\" style=\"color:#008023\">Heimat. Zuhause. Familie.<\/h1>\n\n\n\n<hr class=\"wp-block-separator has-alpha-channel-opacity\"\/>\n\n\n\n<p>Zum Stichtag 30.11.2025 umfasste der Bestand der Gesellschaft:<\/p>\n\n\n\n<blockquote class=\"wp-block-quote is-layout-flow wp-block-quote-is-layout-flow\"><\/blockquote>\n\n\n\n<ul class=\"wp-block-list\">\n<li>6.962 Wohn- und Gewerbeeinheiten<\/li>\n\n\n\n<li>270 Garagen<\/li>\n\n\n\n<li>1.215 Stellfl\u00e4chen<\/li>\n\n\n\n<li>191 G\u00e4rten<\/li>\n<\/ul>\n\n\n\n<p><\/p>\n","protected":false},"excerpt":{"rendered":"<p>Gesch\u00e4ftsf\u00fchrer der KWG mbH im Lausitzer Seenland Herr Tobias Dorn \u201eDie einzige Konstante im Leben ist die Ver\u00e4nderung.\u201c Dieses Zitat des Philosophen Heraklit ist hier bei uns in der Lausitz besonders zu treffend, da wir uns zus\u00e4tzlich zum \u201enormalen\u201c Leben seit Jahrzehnten einem massiven Strukturwandel, verbunden mit einem dramatischen Bev\u00f6lkerungsverlust stellen m\u00fcssen. Auch wenn ein &hellip; <\/p>\n","protected":false},"author":1,"featured_media":0,"parent":22,"menu_order":0,"comment_status":"closed","ping_status":"closed","template":"","meta":{"_FSMCFIC_featured_image_caption":"","_FSMCFIC_featured_image_nocaption":"","_FSMCFIC_featured_image_hide":"","footnotes":""},"class_list":["post-138","page","type-page","status-publish","hentry","grid-sizer"],"_links":{"self":[{"href":"https:\/\/www.kwg-senftenberg.de\/wp\/wp-json\/wp\/v2\/pages\/138","targetHints":{"allow":["GET"]}}],"collection":[{"href":"https:\/\/www.kwg-senftenberg.de\/wp\/wp-json\/wp\/v2\/pages"}],"about":[{"href":"https:\/\/www.kwg-senftenberg.de\/wp\/wp-json\/wp\/v2\/types\/page"}],"author":[{"embeddable":true,"href":"https:\/\/www.kwg-senftenberg.de\/wp\/wp-json\/wp\/v2\/users\/1"}],"replies":[{"embeddable":true,"href":"https:\/\/www.kwg-senftenberg.de\/wp\/wp-json\/wp\/v2\/comments?post=138"}],"version-history":[{"count":13,"href":"https:\/\/www.kwg-senftenberg.de\/wp\/wp-json\/wp\/v2\/pages\/138\/revisions"}],"predecessor-version":[{"id":3230,"href":"https:\/\/www.kwg-senftenberg.de\/wp\/wp-json\/wp\/v2\/pages\/138\/revisions\/3230"}],"up":[{"embeddable":true,"href":"https:\/\/www.kwg-senftenberg.de\/wp\/wp-json\/wp\/v2\/pages\/22"}],"wp:attachment":[{"href":"https:\/\/www.kwg-senftenberg.de\/wp\/wp-json\/wp\/v2\/media?parent=138"}],"curies":[{"name":"wp","href":"https:\/\/api.w.org\/{rel}","templated":true}]}}