{"id":367,"date":"2020-09-28T12:32:09","date_gmt":"2020-09-28T10:32:09","guid":{"rendered":"https:\/\/www.kwg-senftenberg.de\/wp\/?page_id=367"},"modified":"2025-04-22T10:53:43","modified_gmt":"2025-04-22T08:53:43","slug":"home","status":"publish","type":"page","link":"https:\/\/www.kwg-senftenberg.de\/wp\/","title":{"rendered":"Home"},"content":{"rendered":"\n\t\t\t<div class=\"display-post-types\">\n\n\t\t\t\t\t\t\t<style type=\"text\/css\">\n\t\t\t#dpt-wrapper-907 { --dpt-text-align: left;--dpt-image-crop: center;--dpt-border-radius: 5px;--dpt-small-grid-column: 33.33%;--dpt-large-grid-column: 33.333333333333%;--dpt-h-gutter: 10px;--dpt-v-gutter: 10px; }\t\t\t<\/style>\n\t\t\t<style type=\"text\/css\">#dpt-wrapper-907 { --dpt-title-font-style:normal;--dpt-title-font-weight:600;--dpt-title-line-height:1.5;--dpt-title-text-decoration:none;--dpt-title-text-transform:none;--dpt-excerpt-font-style:normal;--dpt-excerpt-font-weight:400;--dpt-excerpt-line-height:1.5;--dpt-excerpt-text-decoration:none;--dpt-excerpt-text-transform:none;--dpt-meta1-font-style:normal;--dpt-meta1-font-weight:400;--dpt-meta1-line-height:1.9;--dpt-meta1-text-decoration:none;--dpt-meta1-text-transform:none;--dpt-meta2-font-style:normal;--dpt-meta2-font-weight:400;--dpt-meta2-line-height:1.9;--dpt-meta2-text-decoration:none;--dpt-meta2-text-transform:none; }<\/style>\t\t\t\n\t\t\t\t<div id=\"dpt-wrapper-907\" class=\"dpt-wrapper dpt-grid1 multi-col dpt-mason-wrap\" >\n\n\t\t\t\t\t\t\t\t\t\t\t<div class=\"dpt-entry no-thumbnail\" data-title=\"ausbildung anlagenmechaniker (m\/w\/d) f\u00fcr sanit\u00e4r-, heizungs- und klimatechnik\" data-id=\"3272\"  data-category=\"allgemein\">\n\t\t\t\t\t\t\t<div class=\"dpt-entry-wrapper\"><div class=\" dpt-featured-content\"><div class=\" dpt-permalink\"><a href=\"https:\/\/www.kwg-senftenberg.de\/wp\/2026\/03\/19\/ausbildung-anlagenmechaniker-m-w-d-fuer-sanitaer-heizungs-und-klimatechnik\/\" class=\"dpt-permalink\"><span class=\"screen-reader-text\">Ausbildung Anlagenmechaniker (m\/w\/d) f\u00fcr Sanit\u00e4r-, Heizungs- und Klimatechnik<\/span><\/a><\/div><div class=\" dpt-thumbnail\"><div class=\"dpt-thumbnail-inner\"><\/div><span class=\"dpt-thumbnail-aspect-ratio\" style=\"padding-top: 100%\"><\/span><\/div><\/div><div class=\" sub-entry\"><h3 class=\" dpt-title\"><a class=\"dpt-title-link\" href=\"https:\/\/www.kwg-senftenberg.de\/wp\/2026\/03\/19\/ausbildung-anlagenmechaniker-m-w-d-fuer-sanitaer-heizungs-und-klimatechnik\/\" rel=\"bookmark\">Ausbildung Anlagenmechaniker (m\/w\/d) f\u00fcr Sanit\u00e4r-, Heizungs- und Klimatechnik<\/a><\/h3><\/div><\/div>\n\t\t\t\t\t\t<\/div><!-- .dpt-entry -->\n\t\t\t\t\t\t\t\t\t\t\t\t<div class=\"dpt-entry no-thumbnail\" data-title=\"bilanzbuchhalter (m\/w\/d)\" data-id=\"3261\"  data-category=\"stellenangebote\" data-post_tag=\"immobilien kauffrau kaufmann kaufm\u00e4nnischer mitarbeiter mieterservice team wohnungswirtschaft\">\n\t\t\t\t\t\t\t<div class=\"dpt-entry-wrapper\"><div class=\" dpt-featured-content\"><div class=\" dpt-permalink\"><a href=\"https:\/\/www.kwg-senftenberg.de\/wp\/2026\/03\/02\/finanzbuchhalter-m-w-d\/\" class=\"dpt-permalink\"><span class=\"screen-reader-text\">Bilanzbuchhalter (m\/w\/d)<\/span><\/a><\/div><div class=\" dpt-thumbnail\"><div class=\"dpt-thumbnail-inner\"><\/div><span class=\"dpt-thumbnail-aspect-ratio\" style=\"padding-top: 100%\"><\/span><\/div><\/div><div class=\" sub-entry\"><h3 class=\" dpt-title\"><a class=\"dpt-title-link\" href=\"https:\/\/www.kwg-senftenberg.de\/wp\/2026\/03\/02\/finanzbuchhalter-m-w-d\/\" rel=\"bookmark\">Bilanzbuchhalter (m\/w\/d)<\/a><\/h3><\/div><\/div>\n\t\t\t\t\t\t<\/div><!-- .dpt-entry -->\n\t\t\t\t\t\t\t\t\t\t\t\t<div class=\"dpt-entry has-thumbnail\" data-title=\"kwg setzt auf weiterbildung von f\u00fchrungskr\u00e4ften\" data-id=\"3206\"  data-category=\"aktuelles allgemein\">\n\t\t\t\t\t\t\t<div class=\"dpt-entry-wrapper\"><div class=\" dpt-featured-content\"><div class=\" dpt-permalink\"><a href=\"https:\/\/www.kwg-senftenberg.de\/wp\/2025\/11\/10\/kwg-setzt-auf-weiterbildung-von-fuehrungskraeften\/\" class=\"dpt-permalink\"><span class=\"screen-reader-text\">KWG setzt auf Weiterbildung von F\u00fchrungskr\u00e4ften<\/span><\/a><\/div><div class=\" dpt-thumbnail\"><div class=\"dpt-thumbnail-inner\"><img width=\"2560\" height=\"1707\" class=\"attachment-full size-full\" alt=\"\" context=\"dpt\" data-dpt-src=\"https:\/\/www.kwg-senftenberg.de\/wp\/wp-content\/uploads\/2025\/11\/pexels-pavel-danilyuk-5520322-scaled.jpg\" data-dpt-sizes=\"(max-width: 2560px) 100vw, 2560px\" data-dpt-srcset=\"https:\/\/www.kwg-senftenberg.de\/wp\/wp-content\/uploads\/2025\/11\/pexels-pavel-danilyuk-5520322-scaled.jpg 2560w, https:\/\/www.kwg-senftenberg.de\/wp\/wp-content\/uploads\/2025\/11\/pexels-pavel-danilyuk-5520322-300x200.jpg 300w, https:\/\/www.kwg-senftenberg.de\/wp\/wp-content\/uploads\/2025\/11\/pexels-pavel-danilyuk-5520322-1024x683.jpg 1024w, https:\/\/www.kwg-senftenberg.de\/wp\/wp-content\/uploads\/2025\/11\/pexels-pavel-danilyuk-5520322-768x512.jpg 768w, https:\/\/www.kwg-senftenberg.de\/wp\/wp-content\/uploads\/2025\/11\/pexels-pavel-danilyuk-5520322-1536x1024.jpg 1536w, https:\/\/www.kwg-senftenberg.de\/wp\/wp-content\/uploads\/2025\/11\/pexels-pavel-danilyuk-5520322-2048x1365.jpg 2048w\" \/><\/div><span class=\"dpt-thumbnail-aspect-ratio\" style=\"padding-top: 67%\"><\/span><\/div><\/div><div class=\" sub-entry\"><h3 class=\" dpt-title\"><a class=\"dpt-title-link\" href=\"https:\/\/www.kwg-senftenberg.de\/wp\/2025\/11\/10\/kwg-setzt-auf-weiterbildung-von-fuehrungskraeften\/\" rel=\"bookmark\">KWG setzt auf Weiterbildung von F\u00fchrungskr\u00e4ften<\/a><\/h3><\/div><\/div>\n\t\t\t\t\t\t<\/div><!-- .dpt-entry -->\n\t\t\t\t\t\t\t\t\t\t\t\t<div class=\"dpt-entry has-thumbnail\" data-title=\"tradition mit zukunft \u2013 kwg unterst\u00fctzt schipkauer kegelsportverein\" data-id=\"3173\"  data-category=\"aktuelles allgemein soziales\">\n\t\t\t\t\t\t\t<div class=\"dpt-entry-wrapper\"><div class=\" dpt-featured-content\"><div class=\" dpt-permalink\"><a href=\"https:\/\/www.kwg-senftenberg.de\/wp\/2025\/06\/16\/tradition-mit-zukunft-kwg-unterstuetzt-schipkauer-kegelsportverein\/\" class=\"dpt-permalink\"><span class=\"screen-reader-text\">Tradition mit Zukunft \u2013 KWG unterst\u00fctzt Schipkauer Kegelsportverein<\/span><\/a><\/div><div class=\" dpt-thumbnail\"><div class=\"dpt-thumbnail-inner\"><img width=\"2560\" height=\"1921\" class=\"attachment-full size-full\" alt=\"Trikot\u00fcbergabe f\u00fcr die Jugendmannschaft U14 des KSV Schipkau\" context=\"dpt\" data-dpt-src=\"https:\/\/www.kwg-senftenberg.de\/wp\/wp-content\/uploads\/2025\/06\/Foto_Trikotuebergabe_KWG_KSV-Schipkau-scaled.jpg\" data-dpt-sizes=\"(max-width: 2560px) 100vw, 2560px\" data-dpt-srcset=\"https:\/\/www.kwg-senftenberg.de\/wp\/wp-content\/uploads\/2025\/06\/Foto_Trikotuebergabe_KWG_KSV-Schipkau-scaled.jpg 2560w, https:\/\/www.kwg-senftenberg.de\/wp\/wp-content\/uploads\/2025\/06\/Foto_Trikotuebergabe_KWG_KSV-Schipkau-300x225.jpg 300w, https:\/\/www.kwg-senftenberg.de\/wp\/wp-content\/uploads\/2025\/06\/Foto_Trikotuebergabe_KWG_KSV-Schipkau-1024x768.jpg 1024w, https:\/\/www.kwg-senftenberg.de\/wp\/wp-content\/uploads\/2025\/06\/Foto_Trikotuebergabe_KWG_KSV-Schipkau-768x576.jpg 768w, https:\/\/www.kwg-senftenberg.de\/wp\/wp-content\/uploads\/2025\/06\/Foto_Trikotuebergabe_KWG_KSV-Schipkau-1536x1152.jpg 1536w, https:\/\/www.kwg-senftenberg.de\/wp\/wp-content\/uploads\/2025\/06\/Foto_Trikotuebergabe_KWG_KSV-Schipkau-2048x1537.jpg 2048w\" \/><\/div><span class=\"dpt-thumbnail-aspect-ratio\" style=\"padding-top: 75%\"><\/span><\/div><\/div><div class=\" sub-entry\"><h3 class=\" dpt-title\"><a class=\"dpt-title-link\" href=\"https:\/\/www.kwg-senftenberg.de\/wp\/2025\/06\/16\/tradition-mit-zukunft-kwg-unterstuetzt-schipkauer-kegelsportverein\/\" rel=\"bookmark\">Tradition mit Zukunft \u2013 KWG unterst\u00fctzt Schipkauer Kegelsportverein<\/a><\/h3><\/div><\/div>\n\t\t\t\t\t\t<\/div><!-- .dpt-entry -->\n\t\t\t\t\t\t\t\t\t\t\t\t<div class=\"dpt-entry has-thumbnail\" data-title=\"bingo-fieber in gro\u00dfr\u00e4schen &#8211; spielenachmittag voller erfolg\" data-id=\"3167\"  data-category=\"aktuelles allgemein kooperationen soziales\">\n\t\t\t\t\t\t\t<div class=\"dpt-entry-wrapper\"><div class=\" dpt-featured-content\"><div class=\" dpt-permalink\"><a href=\"https:\/\/www.kwg-senftenberg.de\/wp\/2025\/05\/23\/bingo-fieber-in-grossraeschen-spielenachmittag-voller-erfolg\/\" class=\"dpt-permalink\"><span class=\"screen-reader-text\">Bingo-Fieber in Gro\u00dfr\u00e4schen &#8211; Spielenachmittag voller Erfolg<\/span><\/a><\/div><div class=\" dpt-thumbnail\"><div class=\"dpt-thumbnail-inner\"><img width=\"1000\" height=\"841\" class=\"attachment-full size-full\" alt=\"Teilnehmer des Bingo-Nachmittages in Gro\u00dfr\u00e4schen\" context=\"dpt\" data-dpt-src=\"https:\/\/www.kwg-senftenberg.de\/wp\/wp-content\/uploads\/2025\/05\/Bingo-Fieber-in-Grossraeschen.jpg\" data-dpt-sizes=\"(max-width: 1000px) 100vw, 1000px\" data-dpt-srcset=\"https:\/\/www.kwg-senftenberg.de\/wp\/wp-content\/uploads\/2025\/05\/Bingo-Fieber-in-Grossraeschen.jpg 1000w, https:\/\/www.kwg-senftenberg.de\/wp\/wp-content\/uploads\/2025\/05\/Bingo-Fieber-in-Grossraeschen-300x252.jpg 300w, https:\/\/www.kwg-senftenberg.de\/wp\/wp-content\/uploads\/2025\/05\/Bingo-Fieber-in-Grossraeschen-768x646.jpg 768w\" \/><\/div><span class=\"dpt-thumbnail-aspect-ratio\" style=\"padding-top: 84%\"><\/span><\/div><\/div><div class=\" sub-entry\"><h3 class=\" dpt-title\"><a class=\"dpt-title-link\" href=\"https:\/\/www.kwg-senftenberg.de\/wp\/2025\/05\/23\/bingo-fieber-in-grossraeschen-spielenachmittag-voller-erfolg\/\" rel=\"bookmark\">Bingo-Fieber in Gro\u00dfr\u00e4schen &#8211; Spielenachmittag voller Erfolg<\/a><\/h3><\/div><\/div>\n\t\t\t\t\t\t<\/div><!-- .dpt-entry -->\n\t\t\t\t\t\t\t\t\t\t\t\t<div class=\"dpt-entry has-thumbnail\" data-title=\"danke f\u00fcr die treue! kwg gratuliert dks zum 25-j\u00e4hrigen jubil\u00e4um\" data-id=\"3163\"  data-category=\"aktuelles allgemein kooperationen\">\n\t\t\t\t\t\t\t<div class=\"dpt-entry-wrapper\"><div class=\" dpt-featured-content\"><div class=\" dpt-permalink\"><a href=\"https:\/\/www.kwg-senftenberg.de\/wp\/2025\/05\/15\/danke-fuer-die-treue-kwg-gratuliert-dks-zum-25-jaehrigen-jubilaeum\/\" class=\"dpt-permalink\"><span class=\"screen-reader-text\">Danke f\u00fcr die Treue! KWG gratuliert DKS zum 25-j\u00e4hrigen Jubil\u00e4um<\/span><\/a><\/div><div class=\" dpt-thumbnail\"><div class=\"dpt-thumbnail-inner\"><img width=\"571\" height=\"800\" class=\"attachment-full size-full\" alt=\"Tobias Dorn (KWG) gratuliert Torsten G\u00f6rlich (DKS) zum 25-j\u00e4hrigen Jubil\u00e4um\" context=\"dpt\" data-dpt-src=\"https:\/\/www.kwg-senftenberg.de\/wp\/wp-content\/uploads\/2025\/05\/KWG-gratuliert-DKS-zum-Jubilaeum.jpg\" data-dpt-sizes=\"(max-width: 571px) 100vw, 571px\" data-dpt-srcset=\"https:\/\/www.kwg-senftenberg.de\/wp\/wp-content\/uploads\/2025\/05\/KWG-gratuliert-DKS-zum-Jubilaeum.jpg 571w, https:\/\/www.kwg-senftenberg.de\/wp\/wp-content\/uploads\/2025\/05\/KWG-gratuliert-DKS-zum-Jubilaeum-214x300.jpg 214w\" \/><\/div><span class=\"dpt-thumbnail-aspect-ratio\" style=\"padding-top: 140%\"><\/span><\/div><\/div><div class=\" sub-entry\"><h3 class=\" dpt-title\"><a class=\"dpt-title-link\" href=\"https:\/\/www.kwg-senftenberg.de\/wp\/2025\/05\/15\/danke-fuer-die-treue-kwg-gratuliert-dks-zum-25-jaehrigen-jubilaeum\/\" rel=\"bookmark\">Danke f\u00fcr die Treue! KWG gratuliert DKS zum 25-j\u00e4hrigen Jubil\u00e4um<\/a><\/h3><\/div><\/div>\n\t\t\t\t\t\t<\/div><!-- .dpt-entry -->\n\t\t\t\t\t\t\t\t\t\t\t\t<div class=\"dpt-entry has-thumbnail\" data-title=\"mit teamspirit zu sch\u00f6nerem wohnen in gro\u00dfr\u00e4schen\" data-id=\"3114\"  data-category=\"aktuelles allgemein ausbildung gesellschafter gesellschafter_gro\u00dfr\u00e4schen kwg mbh senftenberg mieterinformation nachhaltigkeit soziales\">\n\t\t\t\t\t\t\t<div class=\"dpt-entry-wrapper\"><div class=\" dpt-featured-content\"><div class=\" dpt-permalink\"><a href=\"https:\/\/www.kwg-senftenberg.de\/wp\/2025\/04\/22\/mit-teamspirit-zu-schoenerem-wohnen-in-grossraeschen\/\" class=\"dpt-permalink\"><span class=\"screen-reader-text\">Mit Teamspirit zu sch\u00f6nerem Wohnen in Gro\u00dfr\u00e4schen<\/span><\/a><\/div><div class=\" dpt-thumbnail\"><div class=\"dpt-thumbnail-inner\"><img width=\"1000\" height=\"666\" class=\"attachment-full size-full\" alt=\"\" context=\"dpt\" data-dpt-src=\"https:\/\/www.kwg-senftenberg.de\/wp\/wp-content\/uploads\/2025\/04\/Fruehjahrsputz-in-Grossraeschen-3.jpg\" data-dpt-sizes=\"(max-width: 1000px) 100vw, 1000px\" data-dpt-srcset=\"https:\/\/www.kwg-senftenberg.de\/wp\/wp-content\/uploads\/2025\/04\/Fruehjahrsputz-in-Grossraeschen-3.jpg 1000w, https:\/\/www.kwg-senftenberg.de\/wp\/wp-content\/uploads\/2025\/04\/Fruehjahrsputz-in-Grossraeschen-3-300x200.jpg 300w, https:\/\/www.kwg-senftenberg.de\/wp\/wp-content\/uploads\/2025\/04\/Fruehjahrsputz-in-Grossraeschen-3-768x511.jpg 768w\" \/><\/div><span class=\"dpt-thumbnail-aspect-ratio\" style=\"padding-top: 67%\"><\/span><\/div><\/div><div class=\" sub-entry\"><h3 class=\" dpt-title\"><a class=\"dpt-title-link\" href=\"https:\/\/www.kwg-senftenberg.de\/wp\/2025\/04\/22\/mit-teamspirit-zu-schoenerem-wohnen-in-grossraeschen\/\" rel=\"bookmark\">Mit Teamspirit zu sch\u00f6nerem Wohnen in Gro\u00dfr\u00e4schen<\/a><\/h3><\/div><\/div>\n\t\t\t\t\t\t<\/div><!-- .dpt-entry -->\n\t\t\t\t\t\t\t\t\t\t\t\t<div class=\"dpt-entry has-thumbnail\" data-title=\"kwg verteilt weihnachtsgeschenke zu ostern\" data-id=\"3065\"  data-category=\"video\">\n\t\t\t\t\t\t\t<div class=\"dpt-entry-wrapper\"><div class=\" dpt-featured-content\"><div class=\" dpt-permalink\"><a href=\"https:\/\/www.kwg-senftenberg.de\/wp\/2025\/04\/03\/kwg-verteilt-weihnachtsgeschenke-zu-ostern-3\/\" class=\"dpt-permalink\"><span class=\"screen-reader-text\">KWG verteilt Weihnachtsgeschenke zu Ostern<\/span><\/a><\/div><div class=\" dpt-thumbnail\"><div class=\"dpt-thumbnail-inner\"><img width=\"822\" height=\"424\" class=\"attachment-full size-full\" alt=\"\" context=\"dpt\" data-dpt-src=\"https:\/\/www.kwg-senftenberg.de\/wp\/wp-content\/uploads\/2025\/04\/KWG-verteilt-Weihnachtsgeschenke-zu-Ostern.png\" data-dpt-sizes=\"(max-width: 822px) 100vw, 822px\" data-dpt-srcset=\"https:\/\/www.kwg-senftenberg.de\/wp\/wp-content\/uploads\/2025\/04\/KWG-verteilt-Weihnachtsgeschenke-zu-Ostern.png 822w, https:\/\/www.kwg-senftenberg.de\/wp\/wp-content\/uploads\/2025\/04\/KWG-verteilt-Weihnachtsgeschenke-zu-Ostern-300x155.png 300w, https:\/\/www.kwg-senftenberg.de\/wp\/wp-content\/uploads\/2025\/04\/KWG-verteilt-Weihnachtsgeschenke-zu-Ostern-768x396.png 768w\" \/><\/div><span class=\"dpt-thumbnail-aspect-ratio\" style=\"padding-top: 52%\"><\/span><\/div><\/div><div class=\" sub-entry\"><h3 class=\" dpt-title\"><a class=\"dpt-title-link\" href=\"https:\/\/www.kwg-senftenberg.de\/wp\/2025\/04\/03\/kwg-verteilt-weihnachtsgeschenke-zu-ostern-3\/\" rel=\"bookmark\">KWG verteilt Weihnachtsgeschenke zu Ostern<\/a><\/h3><\/div><\/div>\n\t\t\t\t\t\t<\/div><!-- .dpt-entry -->\n\t\t\t\t\t\t\t\t\t\t\t\t<div class=\"dpt-entry has-thumbnail\" data-title=\"polizei codiert am 10. april 2025 in der zeit von 12 &#8211; 15 uhr fahrr\u00e4der im gewerbepark der kwg\" data-id=\"3064\"  data-category=\"aktuelles allgemein kooperationen\">\n\t\t\t\t\t\t\t<div class=\"dpt-entry-wrapper\"><div class=\" dpt-featured-content\"><div class=\" dpt-permalink\"><a href=\"https:\/\/www.kwg-senftenberg.de\/wp\/2025\/04\/03\/polizei-codiert-10-april-2025-in-der-zeit-von-12-15-uhr-fahrraeder-im-gewerbepark-der-kwg\/\" class=\"dpt-permalink\"><span class=\"screen-reader-text\">Polizei codiert am 10. April 2025 in der Zeit von 12 &#8211; 15 Uhr Fahrr\u00e4der im Gewerbepark der KWG<\/span><\/a><\/div><div class=\" dpt-thumbnail\"><div class=\"dpt-thumbnail-inner\"><img width=\"1200\" height=\"630\" class=\"attachment-full size-full\" alt=\"\" context=\"dpt\" data-dpt-src=\"https:\/\/www.kwg-senftenberg.de\/wp\/wp-content\/uploads\/2025\/04\/298.11-SM-FB-Fahrradaufkleber.jpg\" data-dpt-sizes=\"(max-width: 1200px) 100vw, 1200px\" data-dpt-srcset=\"https:\/\/www.kwg-senftenberg.de\/wp\/wp-content\/uploads\/2025\/04\/298.11-SM-FB-Fahrradaufkleber.jpg 1200w, https:\/\/www.kwg-senftenberg.de\/wp\/wp-content\/uploads\/2025\/04\/298.11-SM-FB-Fahrradaufkleber-300x158.jpg 300w, https:\/\/www.kwg-senftenberg.de\/wp\/wp-content\/uploads\/2025\/04\/298.11-SM-FB-Fahrradaufkleber-1024x538.jpg 1024w, https:\/\/www.kwg-senftenberg.de\/wp\/wp-content\/uploads\/2025\/04\/298.11-SM-FB-Fahrradaufkleber-768x403.jpg 768w\" \/><\/div><span class=\"dpt-thumbnail-aspect-ratio\" style=\"padding-top: 53%\"><\/span><\/div><\/div><div class=\" sub-entry\"><h3 class=\" dpt-title\"><a class=\"dpt-title-link\" href=\"https:\/\/www.kwg-senftenberg.de\/wp\/2025\/04\/03\/polizei-codiert-10-april-2025-in-der-zeit-von-12-15-uhr-fahrraeder-im-gewerbepark-der-kwg\/\" rel=\"bookmark\">Polizei codiert am 10. April 2025 in der Zeit von 12 &#8211; 15 Uhr Fahrr\u00e4der im Gewerbepark der KWG<\/a><\/h3><\/div><\/div>\n\t\t\t\t\t\t<\/div><!-- .dpt-entry -->\n\t\t\t\t\t\t\n\t\t\t\t<\/div>\n\t\t\t\t\t\t<\/div>\n\t\t\t\n\n\n<p><\/p>\n","protected":false},"excerpt":{"rendered":"","protected":false},"author":1,"featured_media":0,"parent":0,"menu_order":0,"comment_status":"closed","ping_status":"closed","template":"","meta":{"_FSMCFIC_featured_image_caption":"","_FSMCFIC_featured_image_nocaption":"","_FSMCFIC_featured_image_hide":"","footnotes":""},"class_list":["post-367","page","type-page","status-publish","hentry","grid-sizer"],"_links":{"self":[{"href":"https:\/\/www.kwg-senftenberg.de\/wp\/wp-json\/wp\/v2\/pages\/367","targetHints":{"allow":["GET"]}}],"collection":[{"href":"https:\/\/www.kwg-senftenberg.de\/wp\/wp-json\/wp\/v2\/pages"}],"about":[{"href":"https:\/\/www.kwg-senftenberg.de\/wp\/wp-json\/wp\/v2\/types\/page"}],"author":[{"embeddable":true,"href":"https:\/\/www.kwg-senftenberg.de\/wp\/wp-json\/wp\/v2\/users\/1"}],"replies":[{"embeddable":true,"href":"https:\/\/www.kwg-senftenberg.de\/wp\/wp-json\/wp\/v2\/comments?post=367"}],"version-history":[{"count":3,"href":"https:\/\/www.kwg-senftenberg.de\/wp\/wp-json\/wp\/v2\/pages\/367\/revisions"}],"predecessor-version":[{"id":1862,"href":"https:\/\/www.kwg-senftenberg.de\/wp\/wp-json\/wp\/v2\/pages\/367\/revisions\/1862"}],"wp:attachment":[{"href":"https:\/\/www.kwg-senftenberg.de\/wp\/wp-json\/wp\/v2\/media?parent=367"}],"curies":[{"name":"wp","href":"https:\/\/api.w.org\/{rel}","templated":true}]}}