{"id":39,"date":"2020-09-24T14:00:45","date_gmt":"2020-09-24T12:00:45","guid":{"rendered":"https:\/\/www.kwg-senftenberg.de\/wp\/?page_id=39"},"modified":"2026-01-27T15:17:11","modified_gmt":"2026-01-27T14:17:11","slug":"verkaufsangebote","status":"publish","type":"page","link":"https:\/\/www.kwg-senftenberg.de\/wp\/verkaufsangebote\/","title":{"rendered":"Verkaufsangebote"},"content":{"rendered":"\n<p>Nachfolgend haben wir f\u00fcr Sie eine \u00dcbersicht unserer&nbsp;<strong>aktuellen Verkaufsangebote <\/strong>zusammengestellt.<\/p>\n\n\n\n<p>Bei Interesse oder Fragen wenden Sie sich bitte an:<\/p>\n\n\n\n<blockquote class=\"wp-block-quote is-layout-flow wp-block-quote-is-layout-flow\">\n<p>Frau G\u00fcnther<\/p>\n\n\n\n<p>Telefon: 03573 77-208<\/p>\n\n\n\n<p><a rel=\"noreferrer noopener\" href=\"mailto:info@kwg-senftenberg.de\" target=\"_blank\">info@kwg-senftenberg.de<\/a><\/p>\n<\/blockquote>\n\n\n\n<hr class=\"wp-block-separator has-css-opacity\"\/>\n\n\n\n<h2 class=\"wp-block-heading\">Geb\u00e4ude<\/h2>\n\n\n\n<p>Aktuell keine Angebote verf\u00fcgbar.<\/p>\n\n\n\n<hr class=\"wp-block-separator has-css-opacity\"\/>\n\n\n\n<h2 class=\"wp-block-heading\">Baugrundst\u00fccke<\/h2>\n\n\n\n<div class=\"wp-block-group\"><div class=\"wp-block-group__inner-container is-layout-flow wp-block-group-is-layout-flow\">\n<p>Aktuell keine Angebote verf\u00fcgbar.<\/p>\n<\/div><\/div>\n\n\n\n<hr class=\"wp-block-separator has-css-opacity\"\/>\n\n\n\n<h2 class=\"wp-block-heading\">Eigentumswohnungen<\/h2>\n\n\n\n<p>Aktuell keine Angebote verf\u00fcgbar.<\/p>\n\n\n\n<hr class=\"wp-block-separator has-alpha-channel-opacity\"\/>\n\n\n\n<p><\/p>\n","protected":false},"excerpt":{"rendered":"<p>Nachfolgend haben wir f\u00fcr Sie eine \u00dcbersicht unserer&nbsp;aktuellen Verkaufsangebote zusammengestellt. Bei Interesse oder Fragen wenden Sie sich bitte an: Frau G\u00fcnther Telefon: 03573 77-208 info@kwg-senftenberg.de Geb\u00e4ude Aktuell keine Angebote verf\u00fcgbar. Baugrundst\u00fccke Aktuell keine Angebote verf\u00fcgbar. Eigentumswohnungen Aktuell keine Angebote verf\u00fcgbar.<\/p>\n","protected":false},"author":1,"featured_media":2275,"parent":0,"menu_order":0,"comment_status":"closed","ping_status":"closed","template":"","meta":{"_FSMCFIC_featured_image_caption":"","_FSMCFIC_featured_image_nocaption":"","_FSMCFIC_featured_image_hide":"","footnotes":""},"class_list":["post-39","page","type-page","status-publish","has-post-thumbnail","hentry","grid-sizer"],"_links":{"self":[{"href":"https:\/\/www.kwg-senftenberg.de\/wp\/wp-json\/wp\/v2\/pages\/39","targetHints":{"allow":["GET"]}}],"collection":[{"href":"https:\/\/www.kwg-senftenberg.de\/wp\/wp-json\/wp\/v2\/pages"}],"about":[{"href":"https:\/\/www.kwg-senftenberg.de\/wp\/wp-json\/wp\/v2\/types\/page"}],"author":[{"embeddable":true,"href":"https:\/\/www.kwg-senftenberg.de\/wp\/wp-json\/wp\/v2\/users\/1"}],"replies":[{"embeddable":true,"href":"https:\/\/www.kwg-senftenberg.de\/wp\/wp-json\/wp\/v2\/comments?post=39"}],"version-history":[{"count":45,"href":"https:\/\/www.kwg-senftenberg.de\/wp\/wp-json\/wp\/v2\/pages\/39\/revisions"}],"predecessor-version":[{"id":3223,"href":"https:\/\/www.kwg-senftenberg.de\/wp\/wp-json\/wp\/v2\/pages\/39\/revisions\/3223"}],"wp:featuredmedia":[{"embeddable":true,"href":"https:\/\/www.kwg-senftenberg.de\/wp\/wp-json\/wp\/v2\/media\/2275"}],"wp:attachment":[{"href":"https:\/\/www.kwg-senftenberg.de\/wp\/wp-json\/wp\/v2\/media?parent=39"}],"curies":[{"name":"wp","href":"https:\/\/api.w.org\/{rel}","templated":true}]}}