{"id":565,"date":"2020-11-12T15:22:44","date_gmt":"2020-11-12T14:22:44","guid":{"rendered":"https:\/\/www.kwg-senftenberg.de\/wp\/?page_id=565"},"modified":"2021-03-23T14:47:08","modified_gmt":"2021-03-23T13:47:08","slug":"notdienst-havarie-schipkau","status":"publish","type":"page","link":"https:\/\/www.kwg-senftenberg.de\/wp\/notdienst-havarie-schipkau\/","title":{"rendered":"Notdienst\/ Havarie Schipkau"},"content":{"rendered":"\n<p>Bei Havarie oder sonstigen Problemen wenden Sie sich bitte telefonisch unter folgenden Nummern<\/p>\n\n\n\n<h4 class=\"wp-block-heading\">Notrufnummer-Service<\/h4>\n\n\n\n<table id=\"tablepress-11\" class=\"tablepress tablepress-id-11\">\n<tbody class=\"row-striping row-hover\">\n<tr class=\"row-1\">\n\t<td class=\"column-1\">Polizei<\/td><td class=\"column-2\">110<\/td>\n<\/tr>\n<tr class=\"row-2\">\n\t<td class=\"column-1\">Feuerwehr<\/td><td class=\"column-2\">112<\/td>\n<\/tr>\n<tr class=\"row-3\">\n\t<td class=\"column-1\">Erste Hilfe<\/td><td class=\"column-2\">112<\/td>\n<\/tr>\n<tr class=\"row-4\">\n\t<td class=\"column-1\">Telefonseelsorge<\/td><td class=\"column-2\">0800 111 0 111 oder 0800 111 0 222<\/td>\n<\/tr>\n<\/tbody>\n<\/table>\n<!-- #tablepress-11 from cache -->\n\n\n\n<h4 class=\"wp-block-heading\">Elektroenergie \/ Strom<\/h4>\n\n\n\n<table id=\"tablepress-18\" class=\"tablepress tablepress-id-18\">\n<tbody class=\"row-striping row-hover\">\n<tr class=\"row-1\">\n\t<td class=\"column-1\">In allen KWG-Wohnungen und Geb\u00e4uden<\/td><td class=\"column-2\">03573 77 340<\/td>\n<\/tr>\n<tr class=\"row-2\">\n\t<td class=\"column-1\">Fl\u00e4chenm\u00e4\u00dfiger Netzausfall envia<\/td><td class=\"column-2\">0800 230 5070<\/td>\n<\/tr>\n<\/tbody>\n<\/table>\n<!-- #tablepress-18 from cache -->\n\n\n\n<h4 class=\"wp-block-heading\">Heizung<\/h4>\n\n\n\n<table id=\"tablepress-25\" class=\"tablepress tablepress-id-25\">\n<tbody class=\"row-striping row-hover\">\n<tr class=\"row-1\">\n\t<td class=\"column-1\">in allen KWG-Wohnungen und Geb\u00e4uden<\/td><td class=\"column-2\">03573 77 340<\/td>\n<\/tr>\n<tr class=\"row-2\">\n\t<td class=\"column-1\">Netzausfall Urbana<\/td><td class=\"column-2\">0800 18 722 62<\/td>\n<\/tr>\n<\/tbody>\n<\/table>\n<!-- #tablepress-25 from cache -->\n\n\n\n<h4 class=\"wp-block-heading\">Wasser<\/h4>\n\n\n\n<table id=\"tablepress-14\" class=\"tablepress tablepress-id-14\">\n<tbody class=\"row-striping row-hover\">\n<tr class=\"row-1\">\n\t<td class=\"column-1\">In allen KWG-Wohnungen und Geb\u00e4uden<\/td><td class=\"column-2\">03573 77 340<\/td>\n<\/tr>\n<tr class=\"row-2\">\n\t<td class=\"column-1\">Au\u00dfennetze WAL<\/td><td class=\"column-2\">03573 8030<\/td>\n<\/tr>\n<\/tbody>\n<\/table>\n<!-- #tablepress-14 from cache -->\n\n\n\n<h4 class=\"wp-block-heading\">Kabelfernsehen<\/h4>\n\n\n\n<table id=\"tablepress-16\" class=\"tablepress tablepress-id-16\">\n<tbody class=\"row-striping row-hover\">\n<tr class=\"row-1\">\n\t<td class=\"column-1\">Tele-Columbus \/ PYUR<\/td><td class=\"column-2\">030 25 777 111<\/td>\n<\/tr>\n<\/tbody>\n<\/table>\n<!-- #tablepress-16 from cache -->\n\n\n\n<h4 class=\"wp-block-heading\">Not\u00f6ffnung<\/h4>\n\n\n\n<table id=\"tablepress-17\" class=\"tablepress tablepress-id-17\">\n<tbody class=\"row-striping row-hover\">\n<tr class=\"row-1\">\n\t<td class=\"column-1\">BMA<\/td><td class=\"column-2\">03573 77 340<\/td>\n<\/tr>\n<\/tbody>\n<\/table>\n<!-- #tablepress-17 from cache -->\n","protected":false},"excerpt":{"rendered":"<p>Bei Havarie oder sonstigen Problemen wenden Sie sich bitte telefonisch unter folgenden Nummern Notrufnummer-Service Elektroenergie \/ Strom Heizung Wasser Kabelfernsehen Not\u00f6ffnung<\/p>\n","protected":false},"author":1,"featured_media":0,"parent":0,"menu_order":0,"comment_status":"closed","ping_status":"closed","template":"","meta":{"_FSMCFIC_featured_image_caption":"","_FSMCFIC_featured_image_nocaption":"","_FSMCFIC_featured_image_hide":"","footnotes":""},"class_list":["post-565","page","type-page","status-publish","hentry","grid-sizer"],"_links":{"self":[{"href":"https:\/\/www.kwg-senftenberg.de\/wp\/wp-json\/wp\/v2\/pages\/565","targetHints":{"allow":["GET"]}}],"collection":[{"href":"https:\/\/www.kwg-senftenberg.de\/wp\/wp-json\/wp\/v2\/pages"}],"about":[{"href":"https:\/\/www.kwg-senftenberg.de\/wp\/wp-json\/wp\/v2\/types\/page"}],"author":[{"embeddable":true,"href":"https:\/\/www.kwg-senftenberg.de\/wp\/wp-json\/wp\/v2\/users\/1"}],"replies":[{"embeddable":true,"href":"https:\/\/www.kwg-senftenberg.de\/wp\/wp-json\/wp\/v2\/comments?post=565"}],"version-history":[{"count":9,"href":"https:\/\/www.kwg-senftenberg.de\/wp\/wp-json\/wp\/v2\/pages\/565\/revisions"}],"predecessor-version":[{"id":1216,"href":"https:\/\/www.kwg-senftenberg.de\/wp\/wp-json\/wp\/v2\/pages\/565\/revisions\/1216"}],"wp:attachment":[{"href":"https:\/\/www.kwg-senftenberg.de\/wp\/wp-json\/wp\/v2\/media?parent=565"}],"curies":[{"name":"wp","href":"https:\/\/api.w.org\/{rel}","templated":true}]}}